{"id":746,"date":"2022-03-09T09:51:58","date_gmt":"2022-03-09T08:51:58","guid":{"rendered":"https:\/\/www.events-ceadrt.fr\/?page_id=746"},"modified":"2023-07-24T13:22:29","modified_gmt":"2023-07-24T11:22:29","slug":"conditions-generales-dutilisation","status":"publish","type":"page","link":"https:\/\/www.events-ceadrt.fr\/en\/conditions-generales-dutilisation\/","title":{"rendered":"Conditions g\u00e9n\u00e9rales d&rsquo;utilisation"},"content":{"rendered":"<h2 class=\"wp-block-heading\">Article 1: Purpose<\/h2>\n\n\n\n<p>Les pr\u00e9sentes CGU ou Conditions G\u00e9n\u00e9rales d\u2019Utilisation encadrent juridiquement l\u2019utilisation des services du site <em><strong>NomDuSite<\/strong><\/em> (ci-apr\u00e8s d\u00e9nomm\u00e9 \u00ab le site \u00bb).<\/p>\n\n\n\n<p>Access to the site constitutes a contract between the CEA and the User, and must be preceded by acceptance of these GCU. Access to this platform implies acceptance of these GCU.<\/p>\n\n\n\n<h2 class=\"wp-block-heading\">Article 2: Legal information<\/h2>\n\n\n\n<p>Site editing <em><strong>events-ceadrt.fr<\/strong><\/em> is provided by the <a rel=\"noreferrer noopener\" href=\"http:\/\/www.cea.fr\" data-type=\"URL\" data-id=\"www.cea.fr\" target=\"_blank\">CEA<\/a>headquartered at Le Ponant D. 25, rue Leblanc. 75015 Paris.<\/p>\n\n\n\n<p>Site host <em><strong><em><strong>events-ceadrt.fr<\/strong><\/em> <\/strong><\/em> is the CEA in Grenoble, 17 avenue des Martyrs, 38000 Grenoble. <\/p>\n\n\n\n<h2 class=\"wp-block-heading\">Article 3: Access to the site<\/h2>\n\n\n\n<p>The website <em><strong><em><strong>events-ceadrt.fr<\/strong><\/em><\/strong><\/em> provides free access to the following services:<\/p>\n\n\n\n<p>- Registration for CEA events, published on this website<\/p>\n\n\n\n<p>The site is accessible free of charge from anywhere by any user with Internet access. All costs incurred in accessing the services (hardware, Internet connection, etc.) are the responsibility of the user.<\/p>\n\n\n\n<p>A login and password are required to access member services.<\/p>\n\n\n\n<p>For maintenance or other reasons, access to the site may be interrupted or suspended by the publisher without notice or justification.<\/p>\n\n\n\n<h2 class=\"wp-block-heading\">Article 4: Data collection<\/h2>\n\n\n\n<p>For the creation of the User's account, the collection of information at the time of registration on the site is necessary and obligatory. In accordance with the French Data Protection Act no. 78-17 of January 6, the collection and processing of personal information is carried out with respect for privacy.<\/p>\n\n\n\n<p>In accordance with the French Data Protection Act of January 6, 1978, articles 39 and 40, the User has the right to access, rectify, delete and object to his or her personal data. This right may be exercised by :<\/p>\n\n\n\n<p>- The contact form ;<\/p>\n\n\n\n<p>- By email to <a href=\"mailto:ceatech@cea.fr\">ceatech@cea.fr<\/a><\/p>\n\n\n\n<h2 class=\"wp-block-heading\">Article 5: Intellectual property<\/h2>\n\n\n\n<p class=\"translation-block\">The trademarks, logos and content of theevents-ceadrt.fr website (graphic illustrations, text, etc.) are protected by the French Intellectual Property Code and by copyright.<\/p>\n\n\n\n<p>Reproduction and copying of content by the User requires prior authorization from the site. In this case, any use for commercial or advertising purposes is prohibited.<\/p>\n\n\n\n<h2 class=\"wp-block-heading\">Article 6: Responsibility<\/h2>\n\n\n\n<p>Although the information published on the site is deemed reliable, the site reserves the right not to guarantee the reliability of sources.<\/p>\n\n\n\n<p class=\"translation-block\">The information provided on the events-ceadrt.fr website is for information purposes only and has no contractual value. Despite regular updates, the site cannot be held responsible for any changes in administrative or legal provisions that may occur after publication. The same applies to the use and interpretation of information provided on the platform.<\/p>\n\n\n\n<p>The site declines all responsibility for any viruses that may infect the User's computer equipment after using or accessing this site.<\/p>\n\n\n\n<p>The site cannot be held responsible in the event of force majeure or the unforeseeable and insurmountable act of a third party.<\/p>\n\n\n\n<p>The site cannot guarantee the total security and confidentiality of data. However, the site undertakes to implement all the methods required to do so to the best of its ability.<\/p>\n\n\n\n<h2 class=\"wp-block-heading\">Article 7: Hypertext links<\/h2>\n\n\n\n<p>The site may contain hypertext links. By clicking on these links, the User will leave the platform. The platform has no control over, and cannot be held responsible for, the content of web pages linked to this site.<\/p>\n\n\n\n<h2 class=\"wp-block-heading\">Article 8: Cookies<\/h2>\n\n\n\n<p>During visits to the site, a cookie may be automatically installed on the User's browser.<\/p>\n\n\n\n<p>Cookies are small files deposited temporarily on the hard disk of the User's computer. These cookies are necessary to ensure accessibility and navigation on the site. These files do not contain any personal information and cannot be used to identify an individual.<\/p>\n\n\n\n<p>The information contained in cookies is used to improve website navigation performance on: <em><strong><em><strong><em><strong><em><strong><em><strong><em><strong><em><strong><em><strong><em><strong>events-ceadrt.fr<\/strong><\/em><\/strong><\/em><\/strong><\/em><\/strong><\/em><\/strong><\/em><\/strong><\/em><\/strong><\/em><\/strong><\/em> <\/strong><\/em><\/p>\n\n\n\n<p>By browsing the site, the User accepts cookies. They can be deactivated via the browser settings.<\/p>\n\n\n\n<h2 class=\"wp-block-heading\"><a><\/a> Article 9: Contract duration<\/h2>\n\n\n\n<p>This contract is valid for an indefinite period. The beginning of the use of the services of the site marks the application of the contract with respect to the User.<\/p>\n\n\n\n<h2 class=\"wp-block-heading\">Article 10: Applicable law and jurisdiction<\/h2>\n\n\n\n<p>This contract is governed by French law. Should any dispute between the parties fail to be resolved amicably, recourse shall be had to the competent French courts to settle the dispute.<\/p>","protected":false},"excerpt":{"rendered":"<p>Article 1 : Objet Les pr\u00e9sentes CGU ou Conditions G\u00e9n\u00e9rales d\u2019Utilisation encadrent juridiquement l\u2019utilisation des services du site NomDuSite (ci-apr\u00e8s d\u00e9nomm\u00e9 \u00ab le site \u00bb). Constituant le contrat entre le CEA, l\u2019Utilisateur, l\u2019acc\u00e8s au site doit \u00eatre pr\u00e9c\u00e9d\u00e9 de l\u2019acceptation de ces CGU. L\u2019acc\u00e8s \u00e0 cette plateforme signifie l\u2019acceptation des pr\u00e9sentes CGU. Article 2 : Mentions l\u00e9gales L\u2019\u00e9dition du site [&hellip;]<\/p>","protected":false},"author":1,"featured_media":0,"parent":0,"menu_order":0,"comment_status":"closed","ping_status":"closed","template":"","meta":{"footnotes":""},"class_list":["post-746","page","type-page","status-publish","hentry"],"_links":{"self":[{"href":"https:\/\/www.events-ceadrt.fr\/en\/wp-json\/wp\/v2\/pages\/746","targetHints":{"allow":["GET"]}}],"collection":[{"href":"https:\/\/www.events-ceadrt.fr\/en\/wp-json\/wp\/v2\/pages"}],"about":[{"href":"https:\/\/www.events-ceadrt.fr\/en\/wp-json\/wp\/v2\/types\/page"}],"author":[{"embeddable":true,"href":"https:\/\/www.events-ceadrt.fr\/en\/wp-json\/wp\/v2\/users\/1"}],"replies":[{"embeddable":true,"href":"https:\/\/www.events-ceadrt.fr\/en\/wp-json\/wp\/v2\/comments?post=746"}],"version-history":[{"count":4,"href":"https:\/\/www.events-ceadrt.fr\/en\/wp-json\/wp\/v2\/pages\/746\/revisions"}],"predecessor-version":[{"id":2900,"href":"https:\/\/www.events-ceadrt.fr\/en\/wp-json\/wp\/v2\/pages\/746\/revisions\/2900"}],"wp:attachment":[{"href":"https:\/\/www.events-ceadrt.fr\/en\/wp-json\/wp\/v2\/media?parent=746"}],"curies":[{"name":"wp","href":"https:\/\/api.w.org\/{rel}","templated":true}]}}