{"id":744,"date":"2022-03-09T09:48:04","date_gmt":"2022-03-09T08:48:04","guid":{"rendered":"https:\/\/www.events-ceadrt.fr\/?page_id=744"},"modified":"2023-07-24T13:24:40","modified_gmt":"2023-07-24T11:24:40","slug":"mentions-legales","status":"publish","type":"page","link":"https:\/\/www.events-ceadrt.fr\/en\/mentions-legales\/","title":{"rendered":"Legal information"},"content":{"rendered":"<h2 class=\"wp-block-heading\"><strong>Website address<\/strong><\/h2>\n\n\n\n<p> The website associated with this legal notice is: www.events-ceadrt.fr<\/p>\n\n\n\n<h2 class=\"wp-block-heading\"><strong>Publisher<\/strong><\/h2>\n\n\n\n<p>Commissariat \u00e0 l\u2019\u00e9nergie atomique et aux \u00e9nergies Alternatives (CEA)<\/p>\n\n\n\n<p>B\u00e2timent Le ponant D<br>25 rue Leblanc<br>75015 PARIS<br>RCS B 775 685 019<br>T\u00e9l.: 01 64 50 20 59&nbsp;<\/p>\n\n\n\n<h2 class=\"wp-block-heading\"><strong>Right to distribute the contents of this site<\/strong><\/h2>\n\n\n\n<p>The entire CEA website is subject to French and international copyright and intellectual property legislation. All reproduction rights are reserved, including for downloadable documents and iconographic and photographic representations.<\/p>\n\n\n\n<p class=\"translation-block\">Pour les contenus multim\u00e9dias (images, vid\u00e9os, podcasts, animations), leur reproduction totale ou partielle sur un support \u00e9lectronique, quel qu\u2019il soit, requiert l\u2019autorisation pr\u00e9alable du CEA.<\/p>\n\n\n\n<p class=\"translation-block\">La reproduction des textes de ce site sur un support papier est autoris\u00e9e, tout particuli\u00e8rement dans le cadre p\u00e9dagogique, sous r\u00e9serve du respect des trois conditions suivantes :<\/p>\n\n\n\n<ul class=\"wp-block-list\">\n<li>free of charge,<\/li>\n\n\n\n<li>respect for the integrity of the documents reproduced: no modifications or alterations of any kind,<\/li>\n<\/ul>\n\n\n\n<ol class=\"wp-block-list\">\n<li>clear and legible citation of the source in the following form -for example-: \u201d<em>ce document provient du site internet de Y.SPOT (www.yspot.fr). Les droits de reproduction sont r\u00e9serv\u00e9s<\/em>\u201c.<\/li>\n<\/ol>\n\n\n\n<p>For any other use, please contact us.&nbsp;<\/p>\n\n\n\n<h2 class=\"wp-block-heading\"><strong>Responsibility<\/strong><\/h2>\n\n\n\n<p>The information on this site is provided for information purposes only. It is non-contractual and the CEA cannot be held responsible for it. It may be modified or updated without notice.&nbsp;<\/p>\n\n\n\n<h2 class=\"wp-block-heading\"><strong>Protection of personal data (RGPD)<\/strong><\/h2>\n\n\n\n<p>The French Atomic Energy and Alternative Energies Commission (CEA) is committed to protecting the personal data it processes. For further information, <a href=\"https:\/\/www.cea.fr\/Pages\/protection-donnees-personnelles.aspx\" data-type=\"URL\" data-id=\"https:\/\/www.cea.fr\/Pages\/protection-donnees-personnelles.aspx\">veuillez\u00a0consulter notre mention d\u2019information sur\u00a0la protection des donn\u00e9es \u00e0 caract\u00e8re\u00a0personnel.<\/a><\/p>","protected":false},"excerpt":{"rendered":"<p>Adresse du site web Le site associ\u00e9 \u00e0 ces mentions l\u00e9gales est :&nbsp;www.events-ceadrt.fr \u00c9diteur Commissariat \u00e0 l\u2019\u00e9nergie atomique et aux \u00e9nergies Alternatives (CEA) B\u00e2timent Le ponant D25 rue Leblanc75015 PARISRCS B 775 685 019T\u00e9l.: 01 64 50 20 59&nbsp; Droit de diffusion des contenus de ce site L\u2019ensemble du site du&nbsp;CEA rel\u00e8ve de la l\u00e9gislation fran\u00e7aise et internationale sur le [&hellip;]<\/p>","protected":false},"author":1,"featured_media":0,"parent":0,"menu_order":0,"comment_status":"closed","ping_status":"closed","template":"","meta":{"footnotes":""},"class_list":["post-744","page","type-page","status-publish","hentry"],"_links":{"self":[{"href":"https:\/\/www.events-ceadrt.fr\/en\/wp-json\/wp\/v2\/pages\/744","targetHints":{"allow":["GET"]}}],"collection":[{"href":"https:\/\/www.events-ceadrt.fr\/en\/wp-json\/wp\/v2\/pages"}],"about":[{"href":"https:\/\/www.events-ceadrt.fr\/en\/wp-json\/wp\/v2\/types\/page"}],"author":[{"embeddable":true,"href":"https:\/\/www.events-ceadrt.fr\/en\/wp-json\/wp\/v2\/users\/1"}],"replies":[{"embeddable":true,"href":"https:\/\/www.events-ceadrt.fr\/en\/wp-json\/wp\/v2\/comments?post=744"}],"version-history":[{"count":2,"href":"https:\/\/www.events-ceadrt.fr\/en\/wp-json\/wp\/v2\/pages\/744\/revisions"}],"predecessor-version":[{"id":2901,"href":"https:\/\/www.events-ceadrt.fr\/en\/wp-json\/wp\/v2\/pages\/744\/revisions\/2901"}],"wp:attachment":[{"href":"https:\/\/www.events-ceadrt.fr\/en\/wp-json\/wp\/v2\/media?parent=744"}],"curies":[{"name":"wp","href":"https:\/\/api.w.org\/{rel}","templated":true}]}}